{"id":605,"date":"2019-01-02T11:46:33","date_gmt":"2019-01-02T10:46:33","guid":{"rendered":"http:\/\/premiumwork.redmustangserwer.pl\/cms\/znajdz-prace\/"},"modified":"2019-02-22T10:24:13","modified_gmt":"2019-02-22T09:24:13","slug":"arbeit-suchen","status":"publish","type":"page","link":"https:\/\/premium-work.pl\/de\/arbeit-suchen\/","title":{"rendered":"Arbeit suchen"},"content":{"rendered":"<p>[vc_row row_type=&#8221;row&#8221; use_row_as_full_screen_section=&#8221;no&#8221; type=&#8221;full_width&#8221; text_align=&#8221;left&#8221; background_animation=&#8221;none&#8221; css_animation=&#8221;&#8221;][vc_column][vc_column_text][\/vc_column_text][\/vc_column][\/vc_row][vc_row row_type=&#8221;row&#8221; use_row_as_full_screen_section=&#8221;no&#8221; type=&#8221;grid&#8221; text_align=&#8221;left&#8221; background_animation=&#8221;none&#8221; css_animation=&#8221;&#8221; css=&#8221;.vc_custom_1546515185679{padding-top: 5% !important;}&#8221;][vc_column][vc_column_text]<\/p>\n<h2>M\u00f6chten Sie im Ausland arbeiten,<br \/>\nhaben aber kein Stellenangebot gefunden, an dem Sie interessiert sind?<br \/>\n<span class=\"light\">\u00dcbersenden Sie uns Ihren Lebenslauf und wir finden Arbeit f\u00fcr Sie<\/span><\/h2>\n<p>[\/vc_column_text][\/vc_column][\/vc_row][vc_row row_type=&#8221;row&#8221; use_row_as_full_screen_section=&#8221;no&#8221; type=&#8221;full_width&#8221; text_align=&#8221;left&#8221; background_animation=&#8221;none&#8221; css_animation=&#8221;&#8221;][vc_column][vc_column_text][\/vc_column_text][\/vc_column][\/vc_row][vc_row row_type=&#8221;row&#8221; use_row_as_full_screen_section=&#8221;no&#8221; type=&#8221;grid&#8221; text_align=&#8221;left&#8221; background_animation=&#8221;none&#8221; css_animation=&#8221;&#8221; css=&#8221;.vc_custom_1546596461662{padding-top: 3% !important;}&#8221;][vc_column width=&#8221;1\/4&#8243;][\/vc_column][vc_column width=&#8221;3\/4&#8243;][vc_row_inner row_type=&#8221;row&#8221; type=&#8221;full_width&#8221; use_row_as_full_screen_section_slide=&#8221;no&#8221; text_align=&#8221;left&#8221; css_animation=&#8221;&#8221;][vc_column_inner width=&#8221;1\/4&#8243; offset=&#8221;vc_hidden-sm vc_hidden-xs&#8221;][vc_column_text]<\/p>\n<div class=\"kroki-end2\">7<\/div>\n<p>[\/vc_column_text][\/vc_column_inner][vc_column_inner width=&#8221;1\/2&#8243;][vc_empty_space height=&#8221;78px&#8221; el_class=&#8221;nope&#8221;][vc_column_text]<\/p>\n<h2>Wir arbeiten<br \/>\nin 7 einfachen Schritten<\/h2>\n<p>[\/vc_column_text][\/vc_column_inner][vc_column_inner width=&#8221;1\/4&#8243; offset=&#8221;vc_hidden-sm vc_hidden-xs&#8221;][vc_single_image image=&#8221;773&#8243; img_size=&#8221;full&#8221; qode_css_animation=&#8221;element_from_right&#8221;][\/vc_column_inner][\/vc_row_inner][vc_single_image image=&#8221;295&#8243; img_size=&#8221;full&#8221; qode_css_animation=&#8221;element_from_fade&#8221; transition_delay=&#8221;1&#8243; el_class=&#8221;kroki-01&#8243;][vc_single_image image=&#8221;296&#8243; img_size=&#8221;full&#8221; qode_css_animation=&#8221;element_from_fade&#8221; transition_delay=&#8221;2&#8243; el_class=&#8221;kroki-02&#8243;][\/vc_column][\/vc_row][vc_row row_type=&#8221;row&#8221; use_row_as_full_screen_section=&#8221;no&#8221; type=&#8221;grid&#8221; text_align=&#8221;left&#8221; background_animation=&#8221;none&#8221; css_animation=&#8221;&#8221; css=&#8221;.vc_custom_1546515185679{padding-top: 5% !important;}&#8221;][vc_column][vc_column_text el_class=&#8221;font24&#8243;]<\/p>\n<div class=\"vc_col-sm-2 kroki\">1<\/div>\n<div class=\"vc_col-sm-10 sm-txt\">\n<p><strong>Wir informieren Sie \u00fcber Stellenangebote<\/strong><br \/>\n\u2013 auf der Website oder per Telefon.<\/div>\n<p>[\/vc_column_text][vc_single_image image=&#8221;300&#8243; img_size=&#8221;full&#8221; qode_css_animation=&#8221;element_from_fade&#8221; transition_delay=&#8221;3&#8243; el_class=&#8221;kroki-03&#8243;][\/vc_column][\/vc_row][vc_row row_type=&#8221;row&#8221; use_row_as_full_screen_section=&#8221;no&#8221; type=&#8221;grid&#8221; text_align=&#8221;left&#8221; background_animation=&#8221;none&#8221; css_animation=&#8221;&#8221; css=&#8221;.vc_custom_1546520585737{margin-top: 35px !important;}&#8221;][vc_column][vc_column_text el_class=&#8221;font24&#8243;]<\/p>\n<div class=\"vc_col-sm-2 kroki\">2<\/div>\n<div class=\"vc_col-sm-10 sm-txt\">\n<p><strong>Sie reichen uns Ihre Bewerbung ein<\/strong><br \/>\n\u2013 indem Sie das <a href=\"#form\"><span class=\"pomarancz\">Anmeldeformular<\/span><\/a> auf der Website ausf\u00fcllen oder Ihren Lebenslauf an die folgende E-Mail-Adresse \u00fcbersenden:<a href=\"mailto:rekrutacja@premium-work.pl\">rekrutacja@premium-work.pl<\/a><\/div>\n<p>[\/vc_column_text][vc_single_image image=&#8221;299&#8243; img_size=&#8221;full&#8221; qode_css_animation=&#8221;element_from_fade&#8221; el_class=&#8221;kroki-04&#8243;][\/vc_column][\/vc_row][vc_row row_type=&#8221;row&#8221; use_row_as_full_screen_section=&#8221;no&#8221; type=&#8221;grid&#8221; text_align=&#8221;left&#8221; background_animation=&#8221;none&#8221; css_animation=&#8221;&#8221; css=&#8221;.vc_custom_1546520585737{margin-top: 35px !important;}&#8221;][vc_column][vc_column_text el_class=&#8221;font24&#8243;]<\/p>\n<div class=\"vc_col-sm-2 kroki\">3<\/div>\n<div class=\"vc_col-sm-10 sm-txt\">\n<p><strong><strong>Einstellungsgespr\u00e4ch<\/strong>, <\/strong>bei dem unser Mitarbeiter Ihre Sprachkenntnisse \u00fcberpr\u00fcft und der um andere, zur Aufnahme Ihrer Bewerbung f\u00fcr die gegebene Stelle erforderliche Informationen bittet.<\/div>\n<p>[\/vc_column_text][vc_single_image image=&#8221;299&#8243; img_size=&#8221;full&#8221; qode_css_animation=&#8221;element_from_fade&#8221; el_class=&#8221;kroki-05&#8243;][\/vc_column][\/vc_row][vc_row row_type=&#8221;row&#8221; use_row_as_full_screen_section=&#8221;no&#8221; type=&#8221;grid&#8221; text_align=&#8221;left&#8221; background_animation=&#8221;none&#8221; css_animation=&#8221;&#8221; css=&#8221;.vc_custom_1546520585737{margin-top: 35px !important;}&#8221;][vc_column][vc_column_text el_class=&#8221;font24&#8243;]<\/p>\n<div class=\"vc_col-sm-2 kroki\">4<\/div>\n<div class=\"vc_col-sm-10 sm-txt\">\n<p><strong>Weiterleitung Ihrer Bewerbung<\/strong> an einen Arbeitgeber in Deutschland oder \u00d6sterreich.<\/div>\n<p>[\/vc_column_text][vc_single_image image=&#8221;301&#8243; img_size=&#8221;full&#8221; qode_css_animation=&#8221;element_from_fade&#8221; el_class=&#8221;kroki-06&#8243;][\/vc_column][\/vc_row][vc_row row_type=&#8221;row&#8221; use_row_as_full_screen_section=&#8221;no&#8221; type=&#8221;grid&#8221; text_align=&#8221;left&#8221; background_animation=&#8221;none&#8221; css_animation=&#8221;&#8221; css=&#8221;.vc_custom_1546520585737{margin-top: 35px !important;}&#8221;][vc_column][vc_column_text el_class=&#8221;font24&#8243;]<\/p>\n<div class=\"vc_col-sm-2 kroki\">5<\/div>\n<div class=\"vc_col-sm-10 sm-txt\">\n<p><strong>\u00dcbermittlung der Information \u00fcber das Rekrutierungsergebnis.<\/strong><\/div>\n<p>[\/vc_column_text][vc_single_image image=&#8221;301&#8243; img_size=&#8221;full&#8221; qode_css_animation=&#8221;element_from_fade&#8221; el_class=&#8221;kroki-07&#8243;][\/vc_column][\/vc_row][vc_row row_type=&#8221;row&#8221; use_row_as_full_screen_section=&#8221;no&#8221; type=&#8221;grid&#8221; text_align=&#8221;left&#8221; background_animation=&#8221;none&#8221; css_animation=&#8221;&#8221; css=&#8221;.vc_custom_1546520585737{margin-top: 35px !important;}&#8221;][vc_column][vc_column_text el_class=&#8221;font24&#8243;]<\/p>\n<div class=\"vc_col-sm-2 kroki\">6<\/div>\n<div class=\"vc_col-sm-10 sm-txt\">\n<p><strong>Unterst\u00fctzung beim Transport<\/strong> zum Einsatz- \/ Unterkunftsort im Falle der Akzeptanz.<\/div>\n<p>[\/vc_column_text][vc_single_image image=&#8221;302&#8243; img_size=&#8221;full&#8221; qode_css_animation=&#8221;element_from_fade&#8221; el_class=&#8221;kroki-08&#8243;][\/vc_column][\/vc_row][vc_row row_type=&#8221;row&#8221; use_row_as_full_screen_section=&#8221;no&#8221; type=&#8221;grid&#8221; text_align=&#8221;left&#8221; background_animation=&#8221;none&#8221; css_animation=&#8221;&#8221; css=&#8221;.vc_custom_1546520585737{margin-top: 35px !important;}&#8221;][vc_column][vc_column_text el_class=&#8221;font24&#8243;]<\/p>\n<div class=\"vc_col-sm-2 kroki-end\">7<\/div>\n<div class=\"vc_col-sm-10 sm-txt\">\n<p><strong>In Deutschland oder \u00d6sterreich lernen Sie unsere Kunden und Koordinatoren<\/strong> kennen, die sich um alles k\u00fcmmern werden.<\/div>\n<p>[\/vc_column_text][vc_single_image image=&#8221;303&#8243; img_size=&#8221;full&#8221; qode_css_animation=&#8221;element_from_fade&#8221; el_class=&#8221;kroki-09&#8243;][vc_single_image image=&#8221;773&#8243; img_size=&#8221;full&#8221; qode_css_animation=&#8221;element_from_right&#8221; el_class=&#8221;kroki-10&#8243;][\/vc_column][\/vc_row][vc_row row_type=&#8221;row&#8221; use_row_as_full_screen_section=&#8221;no&#8221; type=&#8221;full_width&#8221; text_align=&#8221;left&#8221; background_animation=&#8221;none&#8221; css_animation=&#8221;&#8221; el_class=&#8221;oferty-pracy&#8221; css=&#8221;.vc_custom_1546863270809{padding-top: 5% !important;}&#8221; el_id=&#8221;form&#8221;][vc_column][vc_row_inner row_type=&#8221;row&#8221; type=&#8221;grid&#8221; use_row_as_full_screen_section_slide=&#8221;no&#8221; text_align=&#8221;left&#8221; css_animation=&#8221;&#8221;][vc_column_inner width=&#8221;1\/2&#8243;][vc_column_text]<\/p>\n<h2>Haben Sie keine Arbeit gefunden,<br \/>\ndie Ihren Anforderungen entspricht?<\/h2>\n<p>[\/vc_column_text][vc_column_text el_class=&#8221;font24a&#8221; css=&#8221;.vc_custom_1550740806299{margin-bottom: 35px !important;}&#8221;]<\/p>\n<p style=\"text-align: left;\">Bei uns gibt es t\u00e4glich neue Angebote.<br \/>\nHinterlassen Sie uns Ihre Kontaktdaten<br \/>\nund wir werden sich sicherlich bei Ihnen melden.<\/p>\n<p>[\/vc_column_text][vc_single_image image=&#8221;772&#8243; img_size=&#8221;full&#8221; alignment=&#8221;center&#8221; qode_css_animation=&#8221;&#8221;][\/vc_column_inner][vc_column_inner width=&#8221;1\/2&#8243;][qode_elements_holder number_of_columns=&#8221;one_column&#8221;][qode_elements_holder_item item_padding=&#8221;0 0% 0 12%&#8221; item_padding_600_768=&#8221;10% 0 0 0&#8243; item_padding_480_600=&#8221;10% 0 0 0&#8243; item_padding_480=&#8221;10% 0 0 0&#8243;][vc_column_text el_class=&#8221;kontakt&#8221; css=&#8221;.vc_custom_1550752059328{padding-top: 5% !important;padding-right: 5% !important;padding-bottom: 5% !important;padding-left: 5% !important;}&#8221;]<\/p>\n<h2>Suchen Sie Arbeit?<\/h2>\n<p>&nbsp;<\/p>\n<p><strong>F\u00fcllen Sie ein kurzes Formular aus,<\/strong><br \/>\n<strong>und wir werden uns innerhalb von 24 Stunden bei Ihnen melden.<\/strong><\/p>\n<p>&nbsp;<\/p>\n<div role=\"form\" class=\"wpcf7\" id=\"wpcf7-f744-o1\" lang=\"pl-PL\" dir=\"ltr\">\n<div class=\"screen-reader-response\"><\/div>\n<form action=\"\/de\/wp-json\/wp\/v2\/pages\/605#wpcf7-f744-o1\" method=\"post\" class=\"wpcf7-form\" enctype=\"multipart\/form-data\" novalidate=\"novalidate\">\n<div style=\"display: none;\">\n<input type=\"hidden\" name=\"_wpcf7\" value=\"744\" \/>\n<input type=\"hidden\" name=\"_wpcf7_version\" value=\"5.1.1\" \/>\n<input type=\"hidden\" name=\"_wpcf7_locale\" value=\"pl_PL\" \/>\n<input type=\"hidden\" name=\"_wpcf7_unit_tag\" value=\"wpcf7-f744-o1\" \/>\n<input type=\"hidden\" name=\"_wpcf7_container_post\" value=\"0\" \/>\n<input type=\"hidden\" name=\"g-recaptcha-response\" value=\"\" \/>\n<\/div>\n<p><label> Vor- und Nachname (Pflichtfeld)<br \/>\n    <span class=\"wpcf7-form-control-wrap your-name\"><input type=\"text\" name=\"your-name\" value=\"\" size=\"40\" class=\"wpcf7-form-control wpcf7-text wpcf7-validates-as-required\" aria-required=\"true\" aria-invalid=\"false\" \/><\/span> <\/label><\/p>\n<p><label> E-Mail-Adresse (Pflichtfeld)<br \/>\n    <span class=\"wpcf7-form-control-wrap your-email\"><input type=\"email\" name=\"your-email\" value=\"\" size=\"40\" class=\"wpcf7-form-control wpcf7-text wpcf7-email wpcf7-validates-as-required wpcf7-validates-as-email\" aria-required=\"true\" aria-invalid=\"false\" \/><\/span> <\/label><\/p>\n<p><label> Telefon (Pflichtfeld)<br \/>\n<span class=\"wpcf7-form-control-wrap tel-873\"><input type=\"tel\" name=\"tel-873\" value=\"\" size=\"40\" class=\"wpcf7-form-control wpcf7-text wpcf7-tel wpcf7-validates-as-required wpcf7-validates-as-tel\" aria-required=\"true\" aria-invalid=\"false\" \/><\/span> <\/label><br \/>\n<span class=\"wpcf7-form-control-wrap file-308\"><input type=\"file\" name=\"file-308\" size=\"40\" class=\"wpcf7-form-control wpcf7-file\" id=\"cv-file\" accept=\".pdf,.doc\" aria-invalid=\"false\" \/><\/span><\/p>\n<p><br><\/p>\n<p class=\"info-01a\"><strong>*Um die Anmeldung zu \u00fcbersenden, \u00fcberpr\u00fcfen Sie bitte Folgendes:<\/strong> <span id=\"przelacz1\">(erweitern)<\/span><\/p>\n<div class=\"pokaz\">\n<span class=\"wpcf7-form-control-wrap acceptance-805\"><span class=\"wpcf7-form-control wpcf7-acceptance\"><span class=\"wpcf7-list-item\"><label><input type=\"checkbox\" name=\"acceptance-805\" value=\"1\" aria-invalid=\"false\" \/><span class=\"wpcf7-list-item-label\">Ich habe die Hinweise zur Verarbeitung meiner personenbezogenen Daten gelesen.*<\/span><\/label><\/span><\/span><\/span><br \/>\n<span class=\"wpcf7-form-control-wrap acceptance-806\"><span class=\"wpcf7-form-control wpcf7-acceptance\"><span class=\"wpcf7-list-item\"><label><input type=\"checkbox\" name=\"acceptance-806\" value=\"1\" aria-invalid=\"false\" \/><span class=\"wpcf7-list-item-label\">Ich gebe meine Einwilligung zur Verarbeitung meiner biometrischen personenbezogenen Daten in Form des Gesichtsabbildes zur Durchf\u00fchrung des Einstellungsverfahrens.*\nDa das Gesichtsabbild im Sinne der DSGVO eine biometrische Datei ist und somit eine Datei einer besonderen Kategorie, m\u00fcssen wir Sie um Ihre ausdr\u00fcckliche Einwilligung zu ihrer Verarbeitung bitten.<\/span><\/label><\/span><\/span><\/span><br \/>\n<br\/><\/p>\n<p class=\"info-01a\">Ich stimme der Verarbeitung der durch mich w\u00e4hrend des Einstellungsverfahrens angegebenen personenbezogenen Daten (anderer als Gesichtsabbild) einschlie\u00dflich der Einstellungsunterlagen zu folgenden Zwecken zu:\n<p>\n<br\/><\/p>\n<p><span class=\"wpcf7-form-control-wrap acceptance-807\"><span class=\"wpcf7-form-control wpcf7-acceptance\"><span class=\"wpcf7-list-item\"><label><input type=\"checkbox\" name=\"acceptance-807\" value=\"1\" aria-invalid=\"false\" \/><span class=\"wpcf7-list-item-label\">zuk\u00fcnftige Einstellungsverfahren mit Beteiligung der ADO-Partner*. \nUnter dem Begriff \u201eADO-Partner\u201c sind zu verstehen: mit ADO zusammenarbeitende Arbeitgeber, die Arbeitskr\u00e4fte und Unternehmen suchen und mit denen ADO zusammenarbeitet, indem es Dienstleistungen bei der Durchf\u00fchrung von Einstellungsverfahren, Arbeitsvermittlung oder Personal- und Arbeitsberatung verbindet und \u00fcberl\u00e4sst.<\/span><\/label><\/span><\/span><\/span><br \/>\n<span class=\"wpcf7-form-control-wrap acceptance-808\"><span class=\"wpcf7-form-control wpcf7-acceptance\"><span class=\"wpcf7-list-item\"><label><input type=\"checkbox\" name=\"acceptance-808\" value=\"1\" aria-invalid=\"false\" \/><span class=\"wpcf7-list-item-label\">\u00dcbermittlung von Stellenangeboten mittels elektronischer Fernkommunikationsmittel*<\/span><\/label><\/span><\/span><\/span><br \/>\n<span class=\"wpcf7-form-control-wrap acceptance-809\"><span class=\"wpcf7-form-control wpcf7-acceptance\"><span class=\"wpcf7-list-item\"><label><input type=\"checkbox\" name=\"acceptance-809\" value=\"1\" aria-invalid=\"false\" \/><span class=\"wpcf7-list-item-label\">\u00dcbermittlung von Gesch\u00e4ftsinformationen (Marketinginformationen) \u00fcber ADO-Dienstleistungen mittels elektronischer Fernkommunikationsmittel*<\/span><\/label><\/span><\/span><\/span>\n<\/div>\n<p><label>Gib den Code ein: <input type=\"hidden\" name=\"_wpcf7_captcha_challenge_captcha-170\" value=\"4005485827\" \/><img  title=\"\" class=\"wpcf7-form-control wpcf7-captchac wpcf7-captcha-captcha-170\" width=\"72\" height=\"24\"  alt=\"4005485827 Arbeit suchen praca w niemczech\"  src=\"https:\/\/premium-work.pl\/wp-content\/uploads\/wpcf7_captcha\/4005485827.png\" \/><br \/>\n<span class=\"wpcf7-form-control-wrap captcha-170\"><input type=\"text\" name=\"captcha-170\" value=\"\" size=\"4\" maxlength=\"4\" class=\"wpcf7-form-control wpcf7-captchar\" autocomplete=\"off\" aria-invalid=\"false\" \/><\/span><\/label><\/p>\n<p><input type=\"submit\" value=\"\u00dcbersenden\" class=\"wpcf7-form-control wpcf7-submit\" \/><\/p>\n<div class=\"wpcf7-response-output wpcf7-display-none\"><\/div><\/form><\/div>[\/vc_column_text][\/qode_elements_holder_item][\/qode_elements_holder][\/vc_column_inner][\/vc_row_inner][\/vc_column][\/vc_row]<\/p>\n","protected":false},"excerpt":{"rendered":"<p>[vc_row row_type=&#8221;row&#8221; use_row_as_full_screen_section=&#8221;no&#8221; type=&#8221;full_width&#8221; text_align=&#8221;left&#8221; background_animation=&#8221;none&#8221; css_animation=&#8221;&#8221;][vc_column][vc_column_text][\/vc_column_text][\/vc_column][\/vc_row][vc_row row_type=&#8221;row&#8221; use_row_as_full_screen_section=&#8221;no&#8221; type=&#8221;grid&#8221; text_align=&#8221;left&#8221; background_animation=&#8221;none&#8221; css_animation=&#8221;&#8221; css=&#8221;.vc_custom_1546515185679{padding-top: 5% !important;}&#8221;][vc_column][vc_column_text] M\u00f6chten Sie im Ausland arbeiten, haben aber kein Stellenangebot gefunden, an dem Sie interessiert sind? \u00dcbersenden Sie uns Ihren Lebenslauf und wir finden Arbeit f\u00fcr Sie [\/vc_column_text][\/vc_column][\/vc_row][vc_row row_type=&#8221;row&#8221; use_row_as_full_screen_section=&#8221;no&#8221;&#8230;<\/p>\n","protected":false},"author":1,"featured_media":0,"parent":0,"menu_order":0,"comment_status":"closed","ping_status":"closed","template":"full_width.php","meta":[],"_links":{"self":[{"href":"https:\/\/premium-work.pl\/de\/wp-json\/wp\/v2\/pages\/605"}],"collection":[{"href":"https:\/\/premium-work.pl\/de\/wp-json\/wp\/v2\/pages"}],"about":[{"href":"https:\/\/premium-work.pl\/de\/wp-json\/wp\/v2\/types\/page"}],"author":[{"embeddable":true,"href":"https:\/\/premium-work.pl\/de\/wp-json\/wp\/v2\/users\/1"}],"replies":[{"embeddable":true,"href":"https:\/\/premium-work.pl\/de\/wp-json\/wp\/v2\/comments?post=605"}],"version-history":[{"count":6,"href":"https:\/\/premium-work.pl\/de\/wp-json\/wp\/v2\/pages\/605\/revisions"}],"predecessor-version":[{"id":777,"href":"https:\/\/premium-work.pl\/de\/wp-json\/wp\/v2\/pages\/605\/revisions\/777"}],"wp:attachment":[{"href":"https:\/\/premium-work.pl\/de\/wp-json\/wp\/v2\/media?parent=605"}],"curies":[{"name":"wp","href":"https:\/\/api.w.org\/{rel}","templated":true}]}}