{"id":610,"date":"2018-12-19T10:09:44","date_gmt":"2018-12-19T09:09:44","guid":{"rendered":"http:\/\/premiumwork.redmustangserwer.pl\/cms\/o-premium-work\/"},"modified":"2019-02-22T10:23:44","modified_gmt":"2019-02-22T09:23:44","slug":"ueber-premium-work","status":"publish","type":"page","link":"https:\/\/premium-work.pl\/de\/ueber-premium-work\/","title":{"rendered":"\u00dcber Premium Work"},"content":{"rendered":"<p>[vc_row row_type=&#8221;row&#8221; use_row_as_full_screen_section=&#8221;no&#8221; type=&#8221;grid&#8221; text_align=&#8221;left&#8221; background_animation=&#8221;none&#8221; css_animation=&#8221;&#8221; css=&#8221;.vc_custom_1546432275158{padding-top: 5% !important;}&#8221;][vc_column width=&#8221;1\/2&#8243; css=&#8221;.vc_custom_1546431391348{padding-top: 5% !important;padding-bottom: 5% !important;}&#8221;][vc_column_text css=&#8221;.vc_custom_1550741019555{margin-bottom: 95px !important;}&#8221;]<\/p>\n<h2>Willkommen<br \/>\nbei Premium Work<\/h2>\n<p><span class=\"light\">Wir sind seit 2012 ununterbrochen t\u00e4tig.<\/span><\/p>\n<p>[\/vc_column_text][vc_column_text el_class=&#8221;font24&#8243;]<strong>Hunderte von Personen haben Arbeit mit unserer Agentur gefunden; derzeitig rekrutieren wir Fachkr\u00e4fte f\u00fcr deutsche und \u00f6sterreichische Arbeitgeber.<\/strong><br \/>\nUnser Team arbeitet t\u00e4glich, um Ihnen eine legale, sichere und zufriedenstellende Arbeit zu garantieren.<\/p>\n<p>&nbsp;<\/p>\n<p>&nbsp;<\/p>\n<p>Wir sind ein Unternehmen, das seit 2010 Fachkr\u00e4fte aus den Branchen Bauwesen, Produktion und Logistik in westeurop\u00e4ische L\u00e4nder entsendet. In dieser Zeit haben wir die notwendige Erfahrung erworben, dank der wir unseren Mitarbeitern stabile Arbeitspl\u00e4tze und attraktive finanzielle und soziale Bedingungen bieten k\u00f6nnen. Wir arbeiten nur mit stabilen und zuverl\u00e4ssigen ausl\u00e4ndischen Partnern zusammen, die f\u00fchrend in ihrer Branche sind.[\/vc_column_text][\/vc_column][vc_column css_animation=&#8221;fadeIn&#8221; width=&#8221;1\/2&#8243; css=&#8221;.vc_custom_1547202525301{padding-top: 5% !important;padding-bottom: 5% !important;}&#8221;][qode_elements_holder number_of_columns=&#8221;one_column&#8221;][qode_elements_holder_item item_padding=&#8221;43% 0 0 0&#8243; item_padding_768_1024=&#8221;10% 0 0 0&#8243; item_padding_600_768=&#8221;10% 0 0 0&#8243; item_padding_480_600=&#8221;10% 0 0 0&#8243; item_padding_480=&#8221;10% 0 0 0&#8243;][vc_single_image image=&#8221;774&#8243; img_size=&#8221;full&#8221; alignment=&#8221;center&#8221; qode_css_animation=&#8221;&#8221;][\/qode_elements_holder_item][\/qode_elements_holder][\/vc_column][\/vc_row][vc_row row_type=&#8221;row&#8221; use_row_as_full_screen_section=&#8221;no&#8221; type=&#8221;grid&#8221; text_align=&#8221;left&#8221; background_animation=&#8221;none&#8221; css_animation=&#8221;&#8221; css=&#8221;.vc_custom_1546431376720{padding-top: 5% !important;padding-bottom: 5% !important;}&#8221;][vc_column width=&#8221;1\/2&#8243; css=&#8221;.vc_custom_1546431399566{padding-top: 5% !important;padding-bottom: 5% !important;}&#8221;][qode_elements_holder number_of_columns=&#8221;one_column&#8221;][qode_elements_holder_item item_padding=&#8221;0 0 0 40%&#8221; item_padding_768_1024=&#8221;0 0 0 0&#8243; item_padding_600_768=&#8221;0 0 0 0&#8243; item_padding_480_600=&#8221;0 0 0 0&#8243; item_padding_480=&#8221;0 0 0 0&#8243;]<div class=\"q_counter_holder  left\" style=\"\"><span class=\"counter  zero\" style=\"color: #f27014;font-size: 250px;font-weight: 900;\">23<\/span><\/div><div class=\"custom_font_holder\" style=\"font-family: Montserrat; font-size: 34px; line-height: 41px; font-style: normal; font-weight: 800; color: #48484a; text-decoration: none; margin: 0 0 0 0; text-align: left;\"><span>Mitarbeiter<br \/>\nstehen Ihnen<br \/>\nzur Verf\u00fcgung<\/span><\/div>[\/qode_elements_holder_item][\/qode_elements_holder][\/vc_column][vc_column width=&#8221;1\/2&#8243; css=&#8221;.vc_custom_1546431391348{padding-top: 5% !important;padding-bottom: 5% !important;}&#8221;][vc_column_text el_class=&#8221;font24&#8243;]Wir k\u00fcmmern uns um unsere Mitarbeiter und m\u00f6chten, dass die Zusammenarbeit so lange wie m\u00f6glich besteht.<\/p>\n<p>&nbsp;<\/p>\n<p>&nbsp;<\/p>\n<p>Obwohl wir Fachkr\u00e4fte auf Zeit \u00fcberlassen, arbeiten wir mit den meisten Mitarbeitern schon seit mehreren Jahren zusammen. F\u00fcr uns ist es wichtig, dass unsere Mitarbeiter Stabilisierung finden. Deshalb suchen wir nach Abschluss eines Projekts nach einen neuen, das ihren Anforderungen entspricht.<\/p>\n<p>&nbsp;<\/p>\n<p>&nbsp;<\/p>\n<p>Wir erweitern st\u00e4ndig unser Angebot und passen uns an die Bed\u00fcrfnisse des Marktes an.[\/vc_column_text][\/vc_column][\/vc_row][vc_row row_type=&#8221;row&#8221; use_row_as_full_screen_section=&#8221;no&#8221; type=&#8221;full_width&#8221; text_align=&#8221;left&#8221; background_animation=&#8221;none&#8221; css_animation=&#8221;&#8221; el_class=&#8221;pracowac-z-nami&#8221;][vc_column][vc_row_inner row_type=&#8221;row&#8221; type=&#8221;grid&#8221; use_row_as_full_screen_section_slide=&#8221;no&#8221; text_align=&#8221;left&#8221; css_animation=&#8221;&#8221; css=&#8221;.vc_custom_1546436091605{margin-bottom: 55px !important;}&#8221;][vc_column_inner][vc_column_text]<\/p>\n<h2>Warum lohnt es sich, mit uns zusammenzuarbeiten?<\/h2>\n<p>[\/vc_column_text][\/vc_column_inner][\/vc_row_inner][vc_row_inner row_type=&#8221;row&#8221; type=&#8221;grid&#8221; use_row_as_full_screen_section_slide=&#8221;no&#8221; text_align=&#8221;left&#8221; css_animation=&#8221;&#8221;][vc_column_inner width=&#8221;1\/3&#8243; css=&#8221;.vc_custom_1546438606712{padding-top: 5% !important;padding-bottom: 5% !important;}&#8221;][vc_column_text el_class=&#8221;work-box&#8221;]<\/p>\n<div class=\"box-35img\"><img  title=\"\" decoding=\"async\" loading=\"lazy\" class=\"alignright size-full wp-image-193\" src=\"http:\/\/premium-work.pl\/wp-content\/uploads\/2019\/01\/gwarancja-terminowych-wyplat.png\"  alt=\"gwarancja-terminowych-wyplat \u00dcber Premium Work praca w niemczech\"  width=\"91\" height=\"97\" \/><br \/>\n<span class=\"liczby\">1<\/span><\/div>\n<hr class=\"line\" \/>\n<h3>Garantie<br \/>\nfristgerechter<br \/>\nLohnauszahlungen<\/h3>\n<p>[\/vc_column_text][\/vc_column_inner][vc_column_inner width=&#8221;1\/3&#8243; css=&#8221;.vc_custom_1546438612771{padding-top: 5% !important;padding-bottom: 5% !important;}&#8221;][vc_column_text el_class=&#8221;work-box&#8221;]<\/p>\n<div class=\"box-35img\">\n<p><img  title=\"\" decoding=\"async\" loading=\"lazy\" class=\"alignright size-full wp-image-193\" src=\"http:\/\/premium-work.pl\/wp-content\/uploads\/2019\/01\/mozliwosc-zakwaterowania.png\"  alt=\"mozliwosc-zakwaterowania \u00dcber Premium Work praca w niemczech\"  width=\"91\" height=\"97\" \/><br \/>\n<span class=\"liczby\">2<\/span><\/p>\n<hr class=\"line\" \/>\n<\/div>\n<h3>M\u00f6glichkeit<br \/>\nder Unterkunft<\/h3>\n<p>[\/vc_column_text][\/vc_column_inner][vc_column_inner width=&#8221;1\/3&#8243; css=&#8221;.vc_custom_1546438619231{padding-top: 5% !important;padding-bottom: 5% !important;}&#8221;][vc_column_text el_class=&#8221;work-box&#8221;]<\/p>\n<div class=\"box-35img\">\n<p><img  title=\"\" decoding=\"async\" loading=\"lazy\" class=\"alignright size-full wp-image-193\" src=\"http:\/\/premium-work.pl\/wp-content\/uploads\/2019\/01\/dodatkowe-premie.png\"  alt=\"dodatkowe-premie \u00dcber Premium Work praca w niemczech\"  width=\"91\" height=\"97\" \/><br \/>\n<span class=\"liczby\">3<\/span><\/p>\n<hr class=\"line\" \/>\n<\/div>\n<h3>Sonderleistungen<\/h3>\n<p>[\/vc_column_text][\/vc_column_inner][\/vc_row_inner][vc_row_inner row_type=&#8221;row&#8221; type=&#8221;grid&#8221; use_row_as_full_screen_section_slide=&#8221;no&#8221; text_align=&#8221;left&#8221; css_animation=&#8221;&#8221;][vc_column_inner width=&#8221;1\/3&#8243; css=&#8221;.vc_custom_1546438606712{padding-top: 5% !important;padding-bottom: 5% !important;}&#8221;][vc_column_text el_class=&#8221;work-box&#8221;]<\/p>\n<div class=\"box-35img\">\n<p><img  title=\"\" decoding=\"async\" loading=\"lazy\" class=\"alignright size-full wp-image-193\" src=\"http:\/\/premium-work.pl\/wp-content\/uploads\/2019\/01\/legalne-zatrudnienie.png\"  alt=\"legalne-zatrudnienie \u00dcber Premium Work praca w niemczech\"  width=\"91\" height=\"97\" \/><br \/>\n<span class=\"liczby\">4<\/span><\/p>\n<hr class=\"line\" \/>\n<\/div>\n<h3>Legale<br \/>\nBesch\u00e4ftigung<\/h3>\n<p>[\/vc_column_text][\/vc_column_inner][vc_column_inner width=&#8221;1\/3&#8243; css=&#8221;.vc_custom_1546438612771{padding-top: 5% !important;padding-bottom: 5% !important;}&#8221;][vc_column_text el_class=&#8221;work-box&#8221;]<\/p>\n<div class=\"box-35img\">\n<p><img  title=\"\" decoding=\"async\" loading=\"lazy\" class=\"alignright size-full wp-image-193\" src=\"http:\/\/premium-work.pl\/wp-content\/uploads\/2019\/01\/wsparcie-koordynatora.png\"  alt=\"wsparcie-koordynatora \u00dcber Premium Work praca w niemczech\"  width=\"91\" height=\"97\" \/><br \/>\n<span class=\"liczby\">5<\/span><\/p>\n<hr class=\"line\" \/>\n<\/div>\n<h3>Unterst\u00fctzung seitens<br \/>\ndes Koordinators<\/h3>\n<p>[\/vc_column_text][\/vc_column_inner][vc_column_inner width=&#8221;1\/3&#8243; css=&#8221;.vc_custom_1546438619231{padding-top: 5% !important;padding-bottom: 5% !important;}&#8221;][vc_column_text el_class=&#8221;work-box&#8221;]<\/p>\n<div class=\"box-35img\">\n<p><img  title=\"\" decoding=\"async\" loading=\"lazy\" class=\"alignright size-full wp-image-193\" src=\"http:\/\/premium-work.pl\/wp-content\/uploads\/2019\/01\/bonusy.png\"  alt=\"bonusy \u00dcber Premium Work praca w niemczech\"  width=\"91\" height=\"97\" \/><br \/>\n<span class=\"liczby\">6<\/span><\/p>\n<hr class=\"line\" \/>\n<\/div>\n<h3>Zulagen<br \/>\nim Rahmen spezieller<br \/>\nProgramme<\/h3>\n<p>[\/vc_column_text][\/vc_column_inner][\/vc_row_inner][vc_row_inner row_type=&#8221;row&#8221; type=&#8221;grid&#8221; use_row_as_full_screen_section_slide=&#8221;no&#8221; text_align=&#8221;left&#8221; css_animation=&#8221;&#8221; css=&#8221;.vc_custom_1546499740359{margin-top: 80px !important;margin-bottom: 5% !important;}&#8221;][vc_column_inner width=&#8221;3\/4&#8243;][vc_column_text]<\/p>\n<h2 style=\"text-align: left;\">Sind sie interessiert? Wir laden zu uns ein<\/h2>\n<p>[\/vc_column_text][\/vc_column_inner][vc_column_inner width=&#8221;1\/4&#8243;][vc_column_text el_class=&#8221;link-015&#8243;]<a href=\"http:\/\/premium-work.pl\/de\/oferty-pracy\/\">siehe Angebote<\/a>[\/vc_column_text][\/vc_column_inner][\/vc_row_inner][\/vc_column][\/vc_row]<\/p>\n","protected":false},"excerpt":{"rendered":"<p>[vc_row row_type=&#8221;row&#8221; use_row_as_full_screen_section=&#8221;no&#8221; type=&#8221;grid&#8221; text_align=&#8221;left&#8221; background_animation=&#8221;none&#8221; css_animation=&#8221;&#8221; css=&#8221;.vc_custom_1546432275158{padding-top: 5% !important;}&#8221;][vc_column width=&#8221;1\/2&#8243; css=&#8221;.vc_custom_1546431391348{padding-top: 5% !important;padding-bottom: 5% !important;}&#8221;][vc_column_text css=&#8221;.vc_custom_1550741019555{margin-bottom: 95px !important;}&#8221;] Willkommen bei Premium Work Wir sind seit 2012 ununterbrochen t\u00e4tig. [\/vc_column_text][vc_column_text el_class=&#8221;font24&#8243;]Hunderte von Personen haben Arbeit mit unserer Agentur gefunden; derzeitig rekrutieren wir Fachkr\u00e4fte f\u00fcr deutsche&#8230;<\/p>\n","protected":false},"author":1,"featured_media":0,"parent":0,"menu_order":0,"comment_status":"closed","ping_status":"closed","template":"full_width.php","meta":[],"_links":{"self":[{"href":"https:\/\/premium-work.pl\/de\/wp-json\/wp\/v2\/pages\/610"}],"collection":[{"href":"https:\/\/premium-work.pl\/de\/wp-json\/wp\/v2\/pages"}],"about":[{"href":"https:\/\/premium-work.pl\/de\/wp-json\/wp\/v2\/types\/page"}],"author":[{"embeddable":true,"href":"https:\/\/premium-work.pl\/de\/wp-json\/wp\/v2\/users\/1"}],"replies":[{"embeddable":true,"href":"https:\/\/premium-work.pl\/de\/wp-json\/wp\/v2\/comments?post=610"}],"version-history":[{"count":5,"href":"https:\/\/premium-work.pl\/de\/wp-json\/wp\/v2\/pages\/610\/revisions"}],"predecessor-version":[{"id":778,"href":"https:\/\/premium-work.pl\/de\/wp-json\/wp\/v2\/pages\/610\/revisions\/778"}],"wp:attachment":[{"href":"https:\/\/premium-work.pl\/de\/wp-json\/wp\/v2\/media?parent=610"}],"curies":[{"name":"wp","href":"https:\/\/api.w.org\/{rel}","templated":true}]}}