{"id":619,"date":"2019-01-02T13:07:13","date_gmt":"2019-01-02T12:07:13","guid":{"rendered":"http:\/\/premiumwork.redmustangserwer.pl\/cms\/opinie\/"},"modified":"2019-02-22T10:45:14","modified_gmt":"2019-02-22T09:45:14","slug":"meinungen","status":"publish","type":"page","link":"https:\/\/premium-work.pl\/de\/meinungen\/","title":{"rendered":"Meinungen"},"content":{"rendered":"<p>[vc_row row_type=&#8221;row&#8221; use_row_as_full_screen_section=&#8221;no&#8221; type=&#8221;grid&#8221; text_align=&#8221;left&#8221; background_animation=&#8221;none&#8221; css_animation=&#8221;&#8221; css=&#8221;.vc_custom_1548426749296{margin-bottom: 55px !important;padding-top: 5% !important;}&#8221;][vc_column][vc_column_text]<\/p>\n<h2>Premium Work<br \/>\n<span class=\"light\">Premium nicht nur im Namen<\/span><\/h2>\n<p>[\/vc_column_text][\/vc_column][\/vc_row][vc_row row_type=&#8221;row&#8221; use_row_as_full_screen_section=&#8221;no&#8221; type=&#8221;full_width&#8221; text_align=&#8221;left&#8221; background_animation=&#8221;none&#8221; css_animation=&#8221;&#8221; el_class=&#8221;pracowac-z-nami&#8221; css=&#8221;.vc_custom_1546506262371{padding-bottom: 5% !important;}&#8221;][vc_column][vc_row_inner row_type=&#8221;row&#8221; type=&#8221;grid&#8221; use_row_as_full_screen_section_slide=&#8221;no&#8221; text_align=&#8221;left&#8221; css_animation=&#8221;&#8221;][vc_column_inner]<div class='testimonials_holder clearfix dark '><div class=\"testimonials testimonials_carousel\" data-show-navigation=\"yes\" data-animation-type=\"slide\" data-animation-speed=\"1500\" data-auto-rotate-slides=\"10\"><ul class=\"slides\"><li id=\"testimonials622\" class=\"testimonial_content\"><div class=\"testimonial_content_inner\"><div class=\"testimonial_text_holder center_align\"><div class=\"testimonial_text_inner\"><div class=\"testimonial_image_holder\"><\/div><p style='font-size:24px;color:#48484a;'>O Premium Work mog\u0119 wypowiada\u0107 si\u0119 tylko pozytywnie. Z t\u0105 firm\u0105 rozpocz\u0105\u0142em przygod\u0119 pt. praca w Niemczech. Od pocz\u0105tku spotka\u0142em si\u0119 z bardzo \u017cyczliwym i profesjonalnym podej\u015bciem do kandydata.\r\nBardzo szybka reakcja na aplikacj\u0119, b\u0142yskawiczne za\u0142atwienie pracy na dobrych finansowo warunkach. Przez ca\u0142y czas mog\u0142em liczy\u0107 na pomoc pracownika\r\nfirmy. Gdy zaistnia\u0142y problemy z niemieckim pracodawc\u0105 p. Daniel zawsze stawa\u0142 na wysoko\u015bci zadania i skutecznie pomaga\u0142.\r\nZ ca\u0142ym przekonaniem polecam firm\u0119 wszystkim planuj\u0105cym podj\u0105\u0107 prac\u0119 za granic\u0105.<\/p><p class=\"testimonial_author\" style=\"color: #48484a;\">- *Marek Dutkiewicz*   8.01.2019   12:45<\/p><\/div><\/div><\/div><\/li><li id=\"testimonials632\" class=\"testimonial_content\"><div class=\"testimonial_content_inner\"><div class=\"testimonial_text_holder center_align\"><div class=\"testimonial_text_inner\"><div class=\"testimonial_image_holder\"><\/div><p style='font-size:24px;color:#48484a;'>PREMIUM-WORK . PRZEZ\u00a0 T\u0104 FIRM\u0118 STAN\u0104\u0141EM NA NOGI DZI\u0118KI\u00a0 PRZEMI\u0141EMU KONSULTANTOWI PANU DANIELOWI S .TEN PAN DZI\u0118KI SWOIM MO\u017bLIWO\u015aCIOM BARDZO MI POM\u00d3G\u0141 . ZA\u0141ATWI\u0141 MI WSZYSTKO CO JA CHCIA\u0141EM I CO M\u00d3G\u0141 A MO\u017bE WIELE TYLKO TRZEBA UMIE\u0106 SI\u0118 TARGOWA\u0106\u00a0ZOSTA\u0141EM SKIEROWANY DO NIEMIECKIEJ FIRMY GDZIE W CZASIE DOJAZDU KONTAKTOWALI SI\u0118 ZE MN\u0104 KONSULTANCI Z FIRMY NIEMIECKIEJ EWICO -BARDZO POLECAM TYLKO PANI\u0104 SABINE NOWAK .UWA\u017bAM \u017bE FIRMA\u00a0 PREMIUM-WORK TO JEDEN Z NAJLEPSZYCH POSREDNIK\u00d3W PRACY W POLSCE Z NAJLEPSZYMI KONSULTANTAMI.JE\u017bELI SZUKACIE SUPER AGENCJI TO Z ZAMKNIETYMI OCZAMI POLECAM T\u0104 FIRM\u0118 . PROFESJONALISCI W KA\u017bDYM CALU .DZIEKI ZA WSZYSTKO PREMIUM-WORK A SZCZEG\u00d3LNIE MOJEMU KONSULTANTOWI\u00a0\u00a0 DZIEKI PANIE DANIELU\u00a0<\/p><p class=\"testimonial_author\" style=\"color: #48484a;\">- PIOTR A. Z WARSZAWY<\/p><\/div><\/div><\/div><\/li><li id=\"testimonials633\" class=\"testimonial_content\"><div class=\"testimonial_content_inner\"><div class=\"testimonial_text_holder center_align\"><div class=\"testimonial_text_inner\"><div class=\"testimonial_image_holder\"><\/div><p style='font-size:24px;color:#48484a;'>Firma naprawd\u0119 godna polecenia. Wszystko jest na czas. Polecam<\/p><p class=\"testimonial_author\" style=\"color: #48484a;\">- *Binkowski Marcin * 10.12.2018  9:27<\/p><\/div><\/div><\/div><\/li><li id=\"testimonials634\" class=\"testimonial_content\"><div class=\"testimonial_content_inner\"><div class=\"testimonial_text_holder center_align\"><div class=\"testimonial_text_inner\"><div class=\"testimonial_image_holder\"><\/div><p style='font-size:24px;color:#48484a;'>Pracuj\u0119 dzi\u0119ki Premium- Work drugi rok jestem zadowolony , wyp\u0142aty na czas, pensjonaty czyste, o prac\u0119 nie trzeba si\u0119 martwi\u0107- Polecam Wszystkim !!!<\/p><p class=\"testimonial_author\" style=\"color: #48484a;\">- *Grabowski S\u0142awomir * 20.12.2018  10:49<\/p><\/div><\/div><\/div><\/li><li id=\"testimonials635\" class=\"testimonial_content\"><div class=\"testimonial_content_inner\"><div class=\"testimonial_text_holder center_align\"><div class=\"testimonial_text_inner\"><div class=\"testimonial_image_holder\"><\/div><p style='font-size:24px;color:#48484a;'>Pracuje 3 mc w Niemczech i jest okej jak na razie. Wyplata na czas kontakt z firma tez dobry, dotychczas nie by\u0142o jakichkolwiek przeciwskaza\u0144 \u017ceby pisa\u0107 jakie\u015b negatywne opinie. Jak na razie jestem zadowolony. Je\u015bli chodzi o Pana Daniela Sosn\u0119 kontakt bardzo dobry, wszystko za\u0142atwione jak trzeba. Je\u015bli ma si\u0119 poj\u0119cie w danej dziedzinie i przede wszystkim chce si\u0119 pracowa\u0107 to wypisywanie komentarzy przez podpadzioch\u00f3w jest zb\u0119dne:) \"<\/p><p class=\"testimonial_author\" style=\"color: #48484a;\">- *Dawid Knych*   12.11.2018<\/p><\/div><\/div><\/div><\/li><li id=\"testimonials636\" class=\"testimonial_content\"><div class=\"testimonial_content_inner\"><div class=\"testimonial_text_holder center_align\"><div class=\"testimonial_text_inner\"><div class=\"testimonial_image_holder\"><\/div><p style='font-size:24px;color:#48484a;'>Polecam. Zajebiste warunki pracy i umowa Austriacka o prac\u0119. Sam pracuje w Austrii skierowany przez Premium Work<\/p><p class=\"testimonial_author\" style=\"color: #48484a;\">- * Andrzej i Magdalena Twar\u00f3g*  28.11.2018<\/p><\/div><\/div><\/div><\/li><li id=\"testimonials637\" class=\"testimonial_content\"><div class=\"testimonial_content_inner\"><div class=\"testimonial_text_holder center_align\"><div class=\"testimonial_text_inner\"><div class=\"testimonial_image_holder\"><\/div><p style='font-size:24px;color:#48484a;'>Pracowa\u0142em za po\u015brednictwem firmy Premium  jako hydraulik w okolicach Hamburga \r\nw zasadzie z podstawami niemieckiego, ale da\u0142em rady i by\u0142em zadowolony . \r\nWyp\u0142aty by\u0142y na czas, Panie w biurze bardzo mi\u0142e i pomocne.  Obecnie nie mog\u0119 wyjecha\u0107 za granice , ale jak tylko nadarzy si\u0119 okazja \r\nto na pewno skorzystam z ofert firmy Premium Work. Polecam.<\/p><p class=\"testimonial_author\" style=\"color: #48484a;\">- *Pawe\u0142*   03.03.2018<\/p><\/div><\/div><\/div><\/li><li id=\"testimonials638\" class=\"testimonial_content\"><div class=\"testimonial_content_inner\"><div class=\"testimonial_text_holder center_align\"><div class=\"testimonial_text_inner\"><div class=\"testimonial_image_holder\"><\/div><p style='font-size:24px;color:#48484a;'>Firma godna zaufania, dobre warunki pracy. Polecam<\/p><p class=\"testimonial_author\" style=\"color: #48484a;\">- *\u0141ukasz Deker*  4.01.2019 <\/p><\/div><\/div><\/div><\/li><li id=\"testimonials639\" class=\"testimonial_content\"><div class=\"testimonial_content_inner\"><div class=\"testimonial_text_holder center_align\"><div class=\"testimonial_text_inner\"><div class=\"testimonial_image_holder\"><\/div><p style='font-size:24px;color:#48484a;'>Polecam firm\u0119 Premium Work , pracowa\u0142em 4 miesi\u0105ce w Austrii, by\u0142o ok. \r\nNa pocz\u0105tku potrzebowa\u0142em troch\u0119 czasu \u017ceby si\u0119 wdro\u017cy\u0107 , ale p\u00f3\u017aniej wszystko si\u0119 pouk\u0142ada\u0142o. \r\nFirma pomocna, z kas\u0105 te\u017c nie by\u0142o \u017cadnego problemu.<\/p><p class=\"testimonial_author\" style=\"color: #48484a;\">- *Grzegorz R. z Radomia*  10.05.2017   15:30<\/p><\/div><\/div><\/div><\/li><li id=\"testimonials640\" class=\"testimonial_content\"><div class=\"testimonial_content_inner\"><div class=\"testimonial_text_holder center_align\"><div class=\"testimonial_text_inner\"><div class=\"testimonial_image_holder\"><\/div><p style='font-size:24px;color:#48484a;'>Witam, pracowa\u0142em na stanowisku elektryka w Stuttgart. \r\nOkolica bardzo \u0142adna, troch\u0119 pozwiedza\u0142em. Us\u0142ugi  Firmy Premium Work oceniam bardzo wysoko,\r\n wszystko by\u0142o jak nale\u017cy, polecam z czystym sumieniem . Pozdrawiam<\/p><p class=\"testimonial_author\" style=\"color: #48484a;\">- *Marcin*  20.07.2017  <\/p><\/div><\/div><\/div><\/li><\/ul><\/div><\/div>[\/vc_column_inner][\/vc_row_inner][\/vc_column][\/vc_row]<\/p>\n","protected":false},"excerpt":{"rendered":"<p>[vc_row row_type=&#8221;row&#8221; use_row_as_full_screen_section=&#8221;no&#8221; type=&#8221;grid&#8221; text_align=&#8221;left&#8221; background_animation=&#8221;none&#8221; css_animation=&#8221;&#8221; css=&#8221;.vc_custom_1548426749296{margin-bottom: 55px !important;padding-top: 5% !important;}&#8221;][vc_column][vc_column_text] Premium Work Premium nicht nur im Namen [\/vc_column_text][\/vc_column][\/vc_row][vc_row row_type=&#8221;row&#8221; use_row_as_full_screen_section=&#8221;no&#8221; type=&#8221;full_width&#8221; text_align=&#8221;left&#8221; background_animation=&#8221;none&#8221; css_animation=&#8221;&#8221; el_class=&#8221;pracowac-z-nami&#8221; css=&#8221;.vc_custom_1546506262371{padding-bottom: 5% !important;}&#8221;][vc_column][vc_row_inner row_type=&#8221;row&#8221; type=&#8221;grid&#8221; use_row_as_full_screen_section_slide=&#8221;no&#8221; text_align=&#8221;left&#8221; css_animation=&#8221;&#8221;][vc_column_inner][\/vc_column_inner][\/vc_row_inner][\/vc_column][\/vc_row]<\/p>\n","protected":false},"author":1,"featured_media":0,"parent":0,"menu_order":0,"comment_status":"closed","ping_status":"closed","template":"full_width.php","meta":[],"_links":{"self":[{"href":"https:\/\/premium-work.pl\/de\/wp-json\/wp\/v2\/pages\/619"}],"collection":[{"href":"https:\/\/premium-work.pl\/de\/wp-json\/wp\/v2\/pages"}],"about":[{"href":"https:\/\/premium-work.pl\/de\/wp-json\/wp\/v2\/types\/page"}],"author":[{"embeddable":true,"href":"https:\/\/premium-work.pl\/de\/wp-json\/wp\/v2\/users\/1"}],"replies":[{"embeddable":true,"href":"https:\/\/premium-work.pl\/de\/wp-json\/wp\/v2\/comments?post=619"}],"version-history":[{"count":1,"href":"https:\/\/premium-work.pl\/de\/wp-json\/wp\/v2\/pages\/619\/revisions"}],"predecessor-version":[{"id":620,"href":"https:\/\/premium-work.pl\/de\/wp-json\/wp\/v2\/pages\/619\/revisions\/620"}],"wp:attachment":[{"href":"https:\/\/premium-work.pl\/de\/wp-json\/wp\/v2\/media?parent=619"}],"curies":[{"name":"wp","href":"https:\/\/api.w.org\/{rel}","templated":true}]}}