{"id":646,"date":"2018-12-19T10:10:06","date_gmt":"2018-12-19T09:10:06","guid":{"rendered":"http:\/\/premiumwork.redmustangserwer.pl\/cms\/poradnik\/"},"modified":"2019-02-22T10:25:26","modified_gmt":"2019-02-22T09:25:26","slug":"leitfaden","status":"publish","type":"page","link":"https:\/\/premium-work.pl\/de\/leitfaden\/","title":{"rendered":"Leitfaden"},"content":{"rendered":"<p>[vc_row row_type=&#8221;row&#8221; use_row_as_full_screen_section=&#8221;no&#8221; type=&#8221;grid&#8221; text_align=&#8221;left&#8221; background_animation=&#8221;none&#8221; css_animation=&#8221;&#8221; css=&#8221;.vc_custom_1546597771382{padding-top: 5% !important;padding-bottom: 5% !important;}&#8221; el_class=&#8221;pracowac-z-nami&#8221;][vc_column][vc_column_text css=&#8221;.vc_custom_1550745209391{margin-bottom: 65px !important;}&#8221;]<\/p>\n<h2>Bei Premium Work teilen wir mit Ihnen<br \/>\nunsere Erfahrung<\/h2>\n<p>[\/vc_column_text]<div class=\"qode-simple-blog-list qode-sbl-3-columns\">\n\t\t\t<div class=\"qode-sbl-posts-holder clearfix\">\n\t\t<div class=\"qode-sbl-posts\">\n\t\t\t\t\t\t\t\t\t\t\t\t<div class=\"qode-sbl-post\">\n\t\t\t\t\t\t<div class=\"qode-sbl-post-text\">\n\t\t\t\t\t\t\n\t\t\t\t\t\t\t<img  title=\"\" width=\"950\" height=\"604\" src=\"https:\/\/premium-work.pl\/wp-content\/uploads\/2019\/01\/ogolne-warunki-podjecia-wspolplracy.jpg\" class=\"attachment-blog_image_in_grid size-blog_image_in_grid wp-post-image\"  alt=\"ogolne-warunki-podjecia-wspolplracy Wie soll man sich auf die Ausreise ins Ausland vorbereiten? praca w niemczech\"  decoding=\"async\" loading=\"lazy\" srcset=\"https:\/\/premium-work.pl\/wp-content\/uploads\/2019\/01\/ogolne-warunki-podjecia-wspolplracy.jpg 950w, https:\/\/premium-work.pl\/wp-content\/uploads\/2019\/01\/ogolne-warunki-podjecia-wspolplracy-300x191.jpg 300w, https:\/\/premium-work.pl\/wp-content\/uploads\/2019\/01\/ogolne-warunki-podjecia-wspolplracy-768x488.jpg 768w, https:\/\/premium-work.pl\/wp-content\/uploads\/2019\/01\/ogolne-warunki-podjecia-wspolplracy-700x445.jpg 700w\" sizes=\"(max-width: 950px) 100vw, 950px\" \/>\t\t\t\t\t\t\t<div class=\"qode-con\">\n\t\t\t\t\t\t\t<h3 class=\"qode-sbl-post-title entry_title\" itemprop=\"name\">\n\t\t\t\t\t\t\t\t<a href=\"https:\/\/premium-work.pl\/de\/allgemeine-bedingungen-fuer-die-zusammenarbeit\/\" itemprop=\"url\">Allgemeine Bedingungen f\u00fcr die Zusammenarbeit<\/a>\n\t\t\t\t\t\t\t<\/h3>\n\t\t\t\t\t\t\t\t\t\t\t\t\t\t<p itemprop=\"description\" class = \"qode-sbl-post-excerpt\"> Wichtige Informationen.  Sie ben\u00f6tigen einen Reisepass oder einen g\u00fcltigen Personalausweis\r\n...<\/p>\n\t\t\t\t\t\t\t<a href=\"https:\/\/premium-work.pl\/de\/allgemeine-bedingungen-fuer-die-zusammenarbeit\/\" target=\"_self\"  class=\"qbutton \" style=\"\">mehr sehen<\/a>\t\t\t\t\t\t\t<\/div>\n\t\t\t\t\t\t<\/div>\n\t\t\t\t\t<\/div>\n\t\t\t\t\t\t\t\t\t\t\t\t<div class=\"qode-sbl-post\">\n\t\t\t\t\t\t<div class=\"qode-sbl-post-text\">\n\t\t\t\t\t\t\n\t\t\t\t\t\t\t<img  title=\"\" width=\"950\" height=\"604\" src=\"https:\/\/premium-work.pl\/wp-content\/uploads\/2019\/01\/dlaczego-warto-pracowac-za-granica.jpg\" class=\"attachment-blog_image_in_grid size-blog_image_in_grid wp-post-image\"  alt=\"dlaczego-warto-pracowac-za-granica Wie soll man sich auf die Ausreise ins Ausland vorbereiten? praca w niemczech\"  decoding=\"async\" loading=\"lazy\" srcset=\"https:\/\/premium-work.pl\/wp-content\/uploads\/2019\/01\/dlaczego-warto-pracowac-za-granica.jpg 950w, https:\/\/premium-work.pl\/wp-content\/uploads\/2019\/01\/dlaczego-warto-pracowac-za-granica-300x191.jpg 300w, https:\/\/premium-work.pl\/wp-content\/uploads\/2019\/01\/dlaczego-warto-pracowac-za-granica-768x488.jpg 768w, https:\/\/premium-work.pl\/wp-content\/uploads\/2019\/01\/dlaczego-warto-pracowac-za-granica-700x445.jpg 700w\" sizes=\"(max-width: 950px) 100vw, 950px\" \/>\t\t\t\t\t\t\t<div class=\"qode-con\">\n\t\t\t\t\t\t\t<h3 class=\"qode-sbl-post-title entry_title\" itemprop=\"name\">\n\t\t\t\t\t\t\t\t<a href=\"https:\/\/premium-work.pl\/de\/warum-lohnt-es-sich-im-ausland-zu-arbeiten\/\" itemprop=\"url\">Warum lohnt es sich im Ausland zu arbeiten?<\/a>\n\t\t\t\t\t\t\t<\/h3>\n\t\t\t\t\t\t\t\t\t\t\t\t\t\t<p itemprop=\"description\" class = \"qode-sbl-post-excerpt\"> In den letzten Jahren hat sich die Tendenz verst\u00e4rkt, Arbeit im Ausland zu suchen. Viele Studien zeigen, dass sich sowohl Absolventen ...<\/p>\n\t\t\t\t\t\t\t<a href=\"https:\/\/premium-work.pl\/de\/warum-lohnt-es-sich-im-ausland-zu-arbeiten\/\" target=\"_self\"  class=\"qbutton \" style=\"\">mehr sehen<\/a>\t\t\t\t\t\t\t<\/div>\n\t\t\t\t\t\t<\/div>\n\t\t\t\t\t<\/div>\n\t\t\t\t\t\t\t\t\t\t\t\t<div class=\"qode-sbl-post\">\n\t\t\t\t\t\t<div class=\"qode-sbl-post-text\">\n\t\t\t\t\t\t\n\t\t\t\t\t\t\t<img  title=\"\" width=\"950\" height=\"604\" src=\"https:\/\/premium-work.pl\/wp-content\/uploads\/2019\/01\/dlaczego-wybrac-niemcy.jpg\" class=\"attachment-blog_image_in_grid size-blog_image_in_grid wp-post-image\"  alt=\"dlaczego-wybrac-niemcy Wie soll man sich auf die Ausreise ins Ausland vorbereiten? praca w niemczech\"  decoding=\"async\" loading=\"lazy\" srcset=\"https:\/\/premium-work.pl\/wp-content\/uploads\/2019\/01\/dlaczego-wybrac-niemcy.jpg 950w, https:\/\/premium-work.pl\/wp-content\/uploads\/2019\/01\/dlaczego-wybrac-niemcy-300x191.jpg 300w, https:\/\/premium-work.pl\/wp-content\/uploads\/2019\/01\/dlaczego-wybrac-niemcy-768x488.jpg 768w, https:\/\/premium-work.pl\/wp-content\/uploads\/2019\/01\/dlaczego-wybrac-niemcy-700x445.jpg 700w\" sizes=\"(max-width: 950px) 100vw, 950px\" \/>\t\t\t\t\t\t\t<div class=\"qode-con\">\n\t\t\t\t\t\t\t<h3 class=\"qode-sbl-post-title entry_title\" itemprop=\"name\">\n\t\t\t\t\t\t\t\t<a href=\"https:\/\/premium-work.pl\/de\/warum-gerade-deutschland\/\" itemprop=\"url\">Warum gerade Deutschland?<\/a>\n\t\t\t\t\t\t\t<\/h3>\n\t\t\t\t\t\t\t\t\t\t\t\t\t\t<p itemprop=\"description\" class = \"qode-sbl-post-excerpt\"> Trotz allen Anscheins taucht diese Frage sehr oft im Kontext der Suche nach einer Arbeit im Ausland auf. Viele unserer Kunden fragen si...<\/p>\n\t\t\t\t\t\t\t<a href=\"https:\/\/premium-work.pl\/de\/warum-gerade-deutschland\/\" target=\"_self\"  class=\"qbutton \" style=\"\">mehr sehen<\/a>\t\t\t\t\t\t\t<\/div>\n\t\t\t\t\t\t<\/div>\n\t\t\t\t\t<\/div>\n\t\t\t\t\t\t\t\t\t\t\t\t<div class=\"qode-sbl-post\">\n\t\t\t\t\t\t<div class=\"qode-sbl-post-text\">\n\t\t\t\t\t\t\n\t\t\t\t\t\t\t<img  title=\"\" width=\"950\" height=\"604\" src=\"https:\/\/premium-work.pl\/wp-content\/uploads\/2019\/01\/co-warto-wiedziec-o-niemieckim-rynku-pracy.jpg\" class=\"attachment-blog_image_in_grid size-blog_image_in_grid wp-post-image\"  alt=\"co-warto-wiedziec-o-niemieckim-rynku-pracy Wie soll man sich auf die Ausreise ins Ausland vorbereiten? praca w niemczech\"  decoding=\"async\" loading=\"lazy\" srcset=\"https:\/\/premium-work.pl\/wp-content\/uploads\/2019\/01\/co-warto-wiedziec-o-niemieckim-rynku-pracy.jpg 950w, https:\/\/premium-work.pl\/wp-content\/uploads\/2019\/01\/co-warto-wiedziec-o-niemieckim-rynku-pracy-300x191.jpg 300w, https:\/\/premium-work.pl\/wp-content\/uploads\/2019\/01\/co-warto-wiedziec-o-niemieckim-rynku-pracy-768x488.jpg 768w, https:\/\/premium-work.pl\/wp-content\/uploads\/2019\/01\/co-warto-wiedziec-o-niemieckim-rynku-pracy-700x445.jpg 700w\" sizes=\"(max-width: 950px) 100vw, 950px\" \/>\t\t\t\t\t\t\t<div class=\"qode-con\">\n\t\t\t\t\t\t\t<h3 class=\"qode-sbl-post-title entry_title\" itemprop=\"name\">\n\t\t\t\t\t\t\t\t<a href=\"https:\/\/premium-work.pl\/de\/was-sollte-man-ueber-dem-deutschen-arbeitsmarkt-wissen\/\" itemprop=\"url\">Was sollte man \u00fcber dem deutschen Arbeitsmarkt wissen?<\/a>\n\t\t\t\t\t\t\t<\/h3>\n\t\t\t\t\t\t\t\t\t\t\t\t\t\t<p itemprop=\"description\" class = \"qode-sbl-post-excerpt\"> Warum suchen wir Arbeit in Deutschland? Die Gr\u00fcnde sind offensichtlich: Entfernung und Einkommen sowie die M\u00f6glichkeit regelm\u00e4\u00dfiger...<\/p>\n\t\t\t\t\t\t\t<a href=\"https:\/\/premium-work.pl\/de\/was-sollte-man-ueber-dem-deutschen-arbeitsmarkt-wissen\/\" target=\"_self\"  class=\"qbutton \" style=\"\">mehr sehen<\/a>\t\t\t\t\t\t\t<\/div>\n\t\t\t\t\t\t<\/div>\n\t\t\t\t\t<\/div>\n\t\t\t\t\t\t\t\t\t\t\t\t<div class=\"qode-sbl-post\">\n\t\t\t\t\t\t<div class=\"qode-sbl-post-text\">\n\t\t\t\t\t\t\n\t\t\t\t\t\t\t<img  title=\"\" width=\"950\" height=\"604\" src=\"https:\/\/premium-work.pl\/wp-content\/uploads\/2019\/01\/co-warto-wiedziec-o-austriackim-rynku-pracy.jpg\" class=\"attachment-blog_image_in_grid size-blog_image_in_grid wp-post-image\"  alt=\"co-warto-wiedziec-o-austriackim-rynku-pracy Wie soll man sich auf die Ausreise ins Ausland vorbereiten? praca w niemczech\"  decoding=\"async\" loading=\"lazy\" srcset=\"https:\/\/premium-work.pl\/wp-content\/uploads\/2019\/01\/co-warto-wiedziec-o-austriackim-rynku-pracy.jpg 950w, https:\/\/premium-work.pl\/wp-content\/uploads\/2019\/01\/co-warto-wiedziec-o-austriackim-rynku-pracy-300x191.jpg 300w, https:\/\/premium-work.pl\/wp-content\/uploads\/2019\/01\/co-warto-wiedziec-o-austriackim-rynku-pracy-768x488.jpg 768w, https:\/\/premium-work.pl\/wp-content\/uploads\/2019\/01\/co-warto-wiedziec-o-austriackim-rynku-pracy-700x445.jpg 700w\" sizes=\"(max-width: 950px) 100vw, 950px\" \/>\t\t\t\t\t\t\t<div class=\"qode-con\">\n\t\t\t\t\t\t\t<h3 class=\"qode-sbl-post-title entry_title\" itemprop=\"name\">\n\t\t\t\t\t\t\t\t<a href=\"https:\/\/premium-work.pl\/de\/was-soll-man-ueber-dem-oesterreichischen-arbeitsmarkt-wissen\/\" itemprop=\"url\">Was soll man \u00fcber dem \u00f6sterreichischen Arbeitsmarkt wissen?<\/a>\n\t\t\t\t\t\t\t<\/h3>\n\t\t\t\t\t\t\t\t\t\t\t\t\t\t<p itemprop=\"description\" class = \"qode-sbl-post-excerpt\"> \u00d6sterreich ist ein viel kleineres Land als Deutschland, daher gibt es weniger Stellenangebote. Fachleute in bestimmten Branchen werden...<\/p>\n\t\t\t\t\t\t\t<a href=\"https:\/\/premium-work.pl\/de\/was-soll-man-ueber-dem-oesterreichischen-arbeitsmarkt-wissen\/\" target=\"_self\"  class=\"qbutton \" style=\"\">mehr sehen<\/a>\t\t\t\t\t\t\t<\/div>\n\t\t\t\t\t\t<\/div>\n\t\t\t\t\t<\/div>\n\t\t\t\t\t\t\t\t\t\t\t\t<div class=\"qode-sbl-post\">\n\t\t\t\t\t\t<div class=\"qode-sbl-post-text\">\n\t\t\t\t\t\t\n\t\t\t\t\t\t\t<img  title=\"\" width=\"950\" height=\"604\" src=\"https:\/\/premium-work.pl\/wp-content\/uploads\/2019\/01\/przygotowanie-sie-do-wyjazdu.jpg\" class=\"attachment-blog_image_in_grid size-blog_image_in_grid wp-post-image\"  alt=\"przygotowanie-sie-do-wyjazdu Wie soll man sich auf die Ausreise ins Ausland vorbereiten? praca w niemczech\"  decoding=\"async\" loading=\"lazy\" srcset=\"https:\/\/premium-work.pl\/wp-content\/uploads\/2019\/01\/przygotowanie-sie-do-wyjazdu.jpg 950w, https:\/\/premium-work.pl\/wp-content\/uploads\/2019\/01\/przygotowanie-sie-do-wyjazdu-300x191.jpg 300w, https:\/\/premium-work.pl\/wp-content\/uploads\/2019\/01\/przygotowanie-sie-do-wyjazdu-768x488.jpg 768w, https:\/\/premium-work.pl\/wp-content\/uploads\/2019\/01\/przygotowanie-sie-do-wyjazdu-700x445.jpg 700w\" sizes=\"(max-width: 950px) 100vw, 950px\" \/>\t\t\t\t\t\t\t<div class=\"qode-con\">\n\t\t\t\t\t\t\t<h3 class=\"qode-sbl-post-title entry_title\" itemprop=\"name\">\n\t\t\t\t\t\t\t\t<a href=\"https:\/\/premium-work.pl\/de\/wie-soll-man-sich-auf-die-ausreise-ins-ausland-vorbereiten\/\" itemprop=\"url\">Wie soll man sich auf die Ausreise ins Ausland vorbereiten?<\/a>\n\t\t\t\t\t\t\t<\/h3>\n\t\t\t\t\t\t\t\t\t\t\t\t\t\t<p itemprop=\"description\" class = \"qode-sbl-post-excerpt\"> Bevor man ins Ausland ausreist, empfiehlt es sich, ein W\u00f6rterbuch oder ein Sprachf\u00fchrer mit Dialoggespr\u00e4chen zu kaufen oder entsprec...<\/p>\n\t\t\t\t\t\t\t<a href=\"https:\/\/premium-work.pl\/de\/wie-soll-man-sich-auf-die-ausreise-ins-ausland-vorbereiten\/\" target=\"_self\"  class=\"qbutton \" style=\"\">mehr sehen<\/a>\t\t\t\t\t\t\t<\/div>\n\t\t\t\t\t\t<\/div>\n\t\t\t\t\t<\/div>\n\t\t\t\t\t<\/div>\n\t\t<\/div>\n\t<\/div>[\/vc_column][\/vc_row]<\/p>\n","protected":false},"excerpt":{"rendered":"<p>[vc_row row_type=&#8221;row&#8221; use_row_as_full_screen_section=&#8221;no&#8221; type=&#8221;grid&#8221; text_align=&#8221;left&#8221; background_animation=&#8221;none&#8221; css_animation=&#8221;&#8221; css=&#8221;.vc_custom_1546597771382{padding-top: 5% !important;padding-bottom: 5% !important;}&#8221; el_class=&#8221;pracowac-z-nami&#8221;][vc_column][vc_column_text css=&#8221;.vc_custom_1550745209391{margin-bottom: 65px !important;}&#8221;] Bei Premium Work teilen wir mit Ihnen unsere Erfahrung [\/vc_column_text][\/vc_column][\/vc_row]<\/p>\n","protected":false},"author":1,"featured_media":0,"parent":0,"menu_order":0,"comment_status":"closed","ping_status":"closed","template":"full_width.php","meta":[],"_links":{"self":[{"href":"https:\/\/premium-work.pl\/de\/wp-json\/wp\/v2\/pages\/646"}],"collection":[{"href":"https:\/\/premium-work.pl\/de\/wp-json\/wp\/v2\/pages"}],"about":[{"href":"https:\/\/premium-work.pl\/de\/wp-json\/wp\/v2\/types\/page"}],"author":[{"embeddable":true,"href":"https:\/\/premium-work.pl\/de\/wp-json\/wp\/v2\/users\/1"}],"replies":[{"embeddable":true,"href":"https:\/\/premium-work.pl\/de\/wp-json\/wp\/v2\/comments?post=646"}],"version-history":[{"count":1,"href":"https:\/\/premium-work.pl\/de\/wp-json\/wp\/v2\/pages\/646\/revisions"}],"predecessor-version":[{"id":647,"href":"https:\/\/premium-work.pl\/de\/wp-json\/wp\/v2\/pages\/646\/revisions\/647"}],"wp:attachment":[{"href":"https:\/\/premium-work.pl\/de\/wp-json\/wp\/v2\/media?parent=646"}],"curies":[{"name":"wp","href":"https:\/\/api.w.org\/{rel}","templated":true}]}}